{"id":932,"date":"2023-10-18T16:06:44","date_gmt":"2023-10-18T14:06:44","guid":{"rendered":"http:\/\/genter-steuerberatung.de\/?page_id=932"},"modified":"2023-11-03T16:58:29","modified_gmt":"2023-11-03T15:58:29","slug":"schulungen","status":"publish","type":"page","link":"https:\/\/genter-steuerberatung.de\/index.php\/sonderleistungen\/schulungen\/","title":{"rendered":"Schulungen"},"content":{"rendered":"\n<div id=\"wp-block-themeisle-blocks-advanced-columns-1d44478c\" class=\"wp-block-themeisle-blocks-advanced-columns alignfull has-1-columns has-desktop-equal-layout has-tablet-equal-layout has-mobile-equal-layout has-vertical-unset\"><div class=\"wp-block-themeisle-blocks-advanced-columns-overlay\"><\/div><div class=\"innerblocks-wrap\">\n<div id=\"wp-block-themeisle-blocks-advanced-column-24b42ae0\" class=\"wp-block-themeisle-blocks-advanced-column has-dark-bg\">\n<p id=\"wp-block-themeisle-blocks-advanced-heading-1aca3177\" class=\"wp-block-themeisle-blocks-advanced-heading wp-block-themeisle-blocks-advanced-heading-1aca3177\"><strong>Dipl. Kfm. (FH)&nbsp;Mario Genter \u2013 Steuerberater<\/strong><\/p>\n\n\n\n<h1 class=\"wp-block-heading has-text-align-center has-nv-text-dark-bg-color has-text-color\">Kassen-Schulungen<\/h1>\n<\/div>\n<\/div><\/div>\n\n\n\n<div style=\"height:100px\" aria-hidden=\"true\" class=\"wp-block-spacer\"><\/div>\n\n\n\n<div class=\"wp-block-group\"><div class=\"wp-block-group__inner-container is-layout-constrained wp-block-group-is-layout-constrained\">\n<h2 class=\"wp-block-heading\"><strong>Vorbereitung auf die unangemeldete Pr\u00fcfung<\/strong><\/h2>\n\n\n\n<p>Die Kassennachschau ist ein Pr\u00fcfinstrument der Finanzverwaltung, wobei die Finanzverwaltung unangemeldet im Unternehmen erscheint. Der Pr\u00fcfungsumfang erstreckt sich auf die Verpflichtung zur t\u00e4glichen Kassenf\u00fchrung, die Abgleichung zwischen dem Kassenbestand laut Aufzeichnungen und dem tats\u00e4chlichen Bargeldbestand in der Kasse, den Einsatz einer zul\u00e4ssigen und g\u00fcltigen Sicherheitseinrichtung, der Einsichtnahme in die Verfahrensdokumentation bis hin zur elektronischen \u00dcberlassung der Kassendaten. Das Seminar zur Kassennachschau bietet die M\u00f6glichkeit, sich auf die unangemeldete Pr\u00fcfung vorzubereiten.<\/p>\n\n\n\n<ul class=\"wp-block-list\">\n<li>PDF: <a href=\"https:\/\/genter-steuerberatung.de\/wp-content\/uploads\/2023\/10\/Stellenwert-Kassendaten.pdf\" target=\"_blank\" rel=\"noreferrer noopener\">Stellenwert-Kassendaten<\/a> <\/li>\n<\/ul>\n<\/div><\/div>\n\n\n\n<div class=\"wp-block-group\"><div class=\"wp-block-group__inner-container is-layout-constrained wp-block-group-is-layout-constrained\">\n<h2 class=\"wp-block-heading\"><strong>Grundsteuerrefom \u2013 Wie geht es weiter?<\/strong><\/h2>\n\n\n\n<p>Prof. Dr. Gregor Kirchhof kommt in seinem Gutachten f\u00fcr den Bund der Steuerzahler zu dem Ergebnis, dass die neuen Regelungen zur Grundsteuer an verfassungswidrigen M\u00e4ngeln leiden. Wurde Einspruch gegen die Steuerbescheide wegen einer m\u00f6glichen Verfassungswidrigkeit erhoben, so ist die Steuerveranlagung noch nicht abgeschlossen. Fraglich ist, ob die Finanzverwaltung zuerst eine Beurteilung durch das Bundesverfassungsgericht abwartet und dann \u00fcber die Einspr\u00fcche entscheidet oder ob vor einer Entscheidung durch das Bundesverfassungsgericht die Einspruchsentscheidungen erlassen werden. Das Rechtsmittel gegen die Einspruchsentscheidung ist die Klage und die Klagefrist betr\u00e4gt nur einen Monat. Dementsprechend gilt es abzuw\u00e4gen, ob die Steuerbescheide akzeptiert werden oder ein Klageverfahren angestrebt wird. Das Seminar dient zum einen sich mit den Argumenten einer m\u00f6glichen Verfassungswidrigkeit zu besch\u00e4ftigen und zum anderem dem Zweck sich rechtzeitig auf den Eingang einer Einspruchsentscheidung vorzubereiten.<\/p>\n\n\n\n<div class=\"wp-block-buttons is-layout-flex wp-block-buttons-is-layout-flex\">\n<div class=\"wp-block-button is-style-primary\"><a class=\"wp-block-button__link wp-element-button\" href=\"https:\/\/genter-steuerberatung.de\/index.php\/sonderleistungen\/\">Sonderleistungen<\/a><\/div>\n<\/div>\n\n\n\n<div style=\"height:100px\" aria-hidden=\"true\" class=\"wp-block-spacer\"><\/div>\n<\/div><\/div>\n\n\n\n<div id=\"wp-block-themeisle-blocks-advanced-columns-47225228\" class=\"wp-block-themeisle-blocks-advanced-columns alignfull has-1-columns has-desktop-equal-layout has-tablet-equal-layout has-mobile-equal-layout has-vertical-unset\"><div class=\"wp-block-themeisle-blocks-advanced-columns-overlay\"><\/div><div class=\"innerblocks-wrap\">\n<div id=\"wp-block-themeisle-blocks-advanced-column-b6745044\" class=\"wp-block-themeisle-blocks-advanced-column has-light-bg\">\n<p id=\"wp-block-themeisle-blocks-advanced-heading-407fe3d8\" class=\"wp-block-themeisle-blocks-advanced-heading wp-block-themeisle-blocks-advanced-heading-407fe3d8\"><strong>Dipl. Kfm. (FH)&nbsp;Mario Genter \u2013 Steuerberater<\/strong><\/p>\n\n\n\n<h2 class=\"wp-block-heading has-text-align-center\">Interessiert an einer Schulung? <\/h2>\n\n\n\n<div style=\"height:20px\" aria-hidden=\"true\" class=\"wp-block-spacer\"><\/div>\n\n\n\n<div id=\"wp-block-themeisle-blocks-button-group-266da9fb\" class=\"wp-block-themeisle-blocks-button-group wp-block-buttons align-center\">\n<div id=\"wp-block-themeisle-blocks-button-80a51641\" class=\"wp-block-themeisle-blocks-button wp-block-button\"><a href=\"https:\/\/genter-steuerberatung.de\/index.php\/kontakt\/\" target=\"_self\" rel=\"noopener noreferrer\" class=\"wp-block-button__link\"><span>Kontakt<\/span><\/a><\/div>\n<\/div>\n<\/div>\n<\/div><\/div>\n","protected":false},"excerpt":{"rendered":"<p>Vorbereitung auf die unangemeldete Pr\u00fcfung Die Kassennachschau ist ein Pr\u00fcfinstrument der Finanzverwaltung, wobei die Finanzverwaltung unangemeldet im Unternehmen erscheint. Der Pr\u00fcfungsumfang erstreckt sich auf die Verpflichtung zur t\u00e4glichen Kassenf\u00fchrung, die Abgleichung zwischen dem Kassenbestand laut Aufzeichnungen und dem tats\u00e4chlichen Bargeldbestand in der Kasse, den Einsatz einer zul\u00e4ssigen und g\u00fcltigen Sicherheitseinrichtung, der Einsichtnahme in die Verfahrensdokumentation&hellip;&nbsp;<a href=\"https:\/\/genter-steuerberatung.de\/index.php\/sonderleistungen\/schulungen\/\" class=\"\" rel=\"bookmark\">Weiterlesen &raquo;<span class=\"screen-reader-text\">Schulungen<\/span><\/a><\/p>\n","protected":false},"author":3,"featured_media":0,"parent":716,"menu_order":0,"comment_status":"closed","ping_status":"closed","template":"","meta":{"neve_meta_sidebar":"","neve_meta_container":"","neve_meta_enable_content_width":"","neve_meta_content_width":0,"neve_meta_title_alignment":"","neve_meta_author_avatar":"","neve_post_elements_order":"","neve_meta_disable_header":"","neve_meta_disable_footer":"","neve_meta_disable_title":"on","_themeisle_gutenberg_block_has_review":false,"_ti_tpc_template_sync":false,"_ti_tpc_template_id":"","footnotes":""},"class_list":["post-932","page","type-page","status-publish","hentry"],"_links":{"self":[{"href":"https:\/\/genter-steuerberatung.de\/index.php\/wp-json\/wp\/v2\/pages\/932","targetHints":{"allow":["GET"]}}],"collection":[{"href":"https:\/\/genter-steuerberatung.de\/index.php\/wp-json\/wp\/v2\/pages"}],"about":[{"href":"https:\/\/genter-steuerberatung.de\/index.php\/wp-json\/wp\/v2\/types\/page"}],"author":[{"embeddable":true,"href":"https:\/\/genter-steuerberatung.de\/index.php\/wp-json\/wp\/v2\/users\/3"}],"replies":[{"embeddable":true,"href":"https:\/\/genter-steuerberatung.de\/index.php\/wp-json\/wp\/v2\/comments?post=932"}],"version-history":[{"count":1,"href":"https:\/\/genter-steuerberatung.de\/index.php\/wp-json\/wp\/v2\/pages\/932\/revisions"}],"predecessor-version":[{"id":1432,"href":"https:\/\/genter-steuerberatung.de\/index.php\/wp-json\/wp\/v2\/pages\/932\/revisions\/1432"}],"up":[{"embeddable":true,"href":"https:\/\/genter-steuerberatung.de\/index.php\/wp-json\/wp\/v2\/pages\/716"}],"wp:attachment":[{"href":"https:\/\/genter-steuerberatung.de\/index.php\/wp-json\/wp\/v2\/media?parent=932"}],"curies":[{"name":"wp","href":"https:\/\/api.w.org\/{rel}","templated":true}]}}