{"id":847,"date":"2023-10-18T14:00:07","date_gmt":"2023-10-18T12:00:07","guid":{"rendered":"http:\/\/genter-steuerberatung.de\/?page_id=847"},"modified":"2023-12-07T16:51:03","modified_gmt":"2023-12-07T15:51:03","slug":"847-2","status":"publish","type":"page","link":"https:\/\/genter-steuerberatung.de\/index.php\/sonderleistungen\/847-2\/","title":{"rendered":"Pflege WG"},"content":{"rendered":"\n<div id=\"wp-block-themeisle-blocks-advanced-columns-b4c18e12\" class=\"wp-block-themeisle-blocks-advanced-columns alignfull has-1-columns has-desktop-equal-layout has-tablet-equal-layout has-mobile-equal-layout has-vertical-unset\"><div class=\"wp-block-themeisle-blocks-advanced-columns-overlay\"><\/div><div class=\"innerblocks-wrap\">\n<div id=\"wp-block-themeisle-blocks-advanced-column-cef12066\" class=\"wp-block-themeisle-blocks-advanced-column has-dark-bg\">\n<p id=\"wp-block-themeisle-blocks-advanced-heading-6b0e9002\" class=\"wp-block-themeisle-blocks-advanced-heading wp-block-themeisle-blocks-advanced-heading-6b0e9002\"><strong> Dipl. Kfm. (FH) <strong>Mario Genter &#8211; Steuerberater<\/strong><\/strong><\/p>\n\n\n\n<h1 class=\"wp-block-heading has-text-align-center has-nv-text-dark-bg-color has-text-color\">Pflege WG:<br>Kosten mindern Einkommensteuer<\/h1>\n<\/div>\n<\/div><\/div>\n\n\n\n<div style=\"height:100px\" aria-hidden=\"true\" class=\"wp-block-spacer\"><\/div>\n\n\n\n<h2 class=\"wp-block-heading\"><strong>Pflege-WG: Kosten mindern Einkommensteuer<\/strong><\/h2>\n\n\n\n<div class=\"wp-block-media-text has-media-on-the-right is-stacked-on-mobile is-vertically-aligned-bottom\" style=\"grid-template-columns:auto 33%\"><div class=\"wp-block-media-text__content\">\n<p class=\"has-text-align-right has-small-font-size\"><strong><em>M\u00fcnchen\/ Bundesfinanzhof, 10. August 2023<\/em><\/strong><\/p>\n\n\n\n<p>Wer wegen krankheits- oder behinderungsbedingten Gr\u00fcnden in einer Pflege-WG wohnt, darf die Kosten f\u00fcr die Unterbringung als au\u00dfergew\u00f6hnliche Belastungen geltend machen.<\/p>\n\n\n\n<p>Bisher lehnte die Finanzverwaltung eine steuerliche Verg\u00fcnstigung ab.<\/p>\n\n\n\n<p>Sowohl die Richter des Finanzgerichts K\u00f6ln, als auch die Richter des Bundesfinanzhofs folgten unserer Sichtweise und Argumentation, wonach eine Pflege-WG einem Seniorenheim gleichzustellen ist.<br>Auf die Entscheidung des Bundesfinanzhofs k\u00f6nnen sich nun alle Steuerpflichtigen berufen.<\/p>\n<\/div><figure class=\"wp-block-media-text__media\"><img loading=\"lazy\" decoding=\"async\" width=\"768\" height=\"1024\" src=\"https:\/\/genter-steuerberatung.de\/wp-content\/uploads\/2023\/11\/MarioGenter_Steuerberater-768x1024.jpg\" alt=\"\" class=\"wp-image-1397 size-full\" srcset=\"https:\/\/genter-steuerberatung.de\/wp-content\/uploads\/2023\/11\/MarioGenter_Steuerberater-768x1024.jpg 768w, https:\/\/genter-steuerberatung.de\/wp-content\/uploads\/2023\/11\/MarioGenter_Steuerberater-225x300.jpg 225w, https:\/\/genter-steuerberatung.de\/wp-content\/uploads\/2023\/11\/MarioGenter_Steuerberater-1152x1536.jpg 1152w, https:\/\/genter-steuerberatung.de\/wp-content\/uploads\/2023\/11\/MarioGenter_Steuerberater.jpg 1536w\" sizes=\"auto, (max-width: 768px) 100vw, 768px\" \/><\/figure><\/div>\n\n\n\n<div style=\"height:40px\" aria-hidden=\"true\" class=\"wp-block-spacer\"><\/div>\n\n\n\n<div id=\"wp-block-themeisle-blocks-advanced-columns-9d283a30\" class=\"wp-block-themeisle-blocks-advanced-columns has-3-columns has-desktop-oneThreeOne-layout has-tablet-equal-layout has-mobile-collapsedRows-layout has-vertical-unset\"><div class=\"wp-block-themeisle-blocks-advanced-columns-overlay\"><\/div><div class=\"innerblocks-wrap\">\n<div id=\"wp-block-themeisle-blocks-advanced-column-78f11e25\" class=\"wp-block-themeisle-blocks-advanced-column\"><\/div>\n\n\n\n<div id=\"wp-block-themeisle-blocks-advanced-column-88fbc6e2\" class=\"wp-block-themeisle-blocks-advanced-column\">\n<p>Nachfolgend wird dargestellt, wie es gelungen ist, das Steuerrecht f\u00fcr Menschen mit Beeintr\u00e4chtigungen im Positiven zu ver\u00e4ndern:&nbsp;<\/p>\n\n\n\n<p><strong>Die (bisherige) Sichtweise der Finanzverwaltung<\/strong><\/p>\n\n\n\n<p>Die Finanzverwaltung argumentierte, die Kosten wegen einer krankheits- oder behinderungsbedingten Unterbringung w\u00e4ren nur dann abzugsf\u00e4hig, sofern die Einrichtung ein Heim nach Heimgesetz sei. Weil in Pflege-WGs die Pflege durch ambulante Pflegedienste und damit nicht in einem einheitlichen Zusammenhang mit der Wohnraumvermietung organisiert wird, sei eine steuerliche Ber\u00fccksichtigung der Wohnkosten nicht m\u00f6glich.<\/p>\n\n\n\n<p><strong>Die Sichtweise des Finanzgerichts K\u00f6ln<\/strong><\/p>\n\n\n\n<p>Die von meiner Kanzlei erhobene Klage vor dem Finanzgericht K\u00f6ln hatte Erfolg. Das Finanzgericht K\u00f6ln folgte unserer Rechtsauffassung, wonach auch Aufwendungen f\u00fcr die krankheits- oder pflegebedingte Unterbringung in einer Pflege-WG als au\u00dfergew\u00f6hnliche Belastung steuerlich zu ber\u00fccksichtigen sind. Sofern eine Beeintr\u00e4chtigung vorliegt und die Voraussetzung der Vorschrift gem. \u00a7 33 EStG erf\u00fcllt sind, ist die Unterbringungsform nicht entscheidend.<\/p>\n\n\n\n<p><strong>Das Revisionsverfahren und die Sichtweise vom Bundesfinanzhof<\/strong><\/p>\n\n\n\n<p>Der Begr\u00fcndung des Finanzgerichts K\u00f6ln konnte sich die Finanzverwaltung nicht anschlie\u00dfen und beantragte die \u00dcberpr\u00fcfung des Urteils durch den Bundesfinanzhof.<\/p>\n\n\n\n<p>Im Revisionsverfahren entschied der Bundesfinanzhof, wie bereits das Finanzgericht K\u00f6ln, dass die Organisationsform der Unterbringung f\u00fcr die steuerliche Beurteilung nicht relevant sei. F\u00fcr die Anerkennung von au\u00dfergew\u00f6hnlichen Belastungen sei es nicht erforderlich, dass eine Unterbringung in einem dem Heimgesetz unterliegenden Pflegeheim erfolgt. Die Aufwendungen wegen einer krankheits- oder pflegebedingten Unterbringung in einer daf\u00fcr vorgesehenen Einrichtung seien grunds\u00e4tzlich als au\u00dfergew\u00f6hnliche Belastungen zu ber\u00fccksichtigen. Voraussetzung f\u00fcr den steuerlichen Abzug sei, dass neben der Wohnraum\u00fcberlassung auch Betreuung-, Pflege- und Versorgungsleistungen durch einen oder mehrere (ggf. externe) Anbietern angeboten werden. Dies gelte nicht nur f\u00fcr die Unterbringung in einem Pflegeheim, sondern auch in einer anerkannten Pflegewohngemeinschaft.<\/p>\n\n\n\n<p><strong>Nachtr\u00e4gliche Ber\u00fccksichtigung?!<\/strong> &nbsp;<\/p>\n\n\n\n<p>Unter bestimmten Voraussetzungen kann ein vorliegender Einkommensteuerbescheid korrigiert werden. Insbesondere solange die Einspruchsfrist noch nicht abgelaufen ist, ist eine nachtr\u00e4gliche Ber\u00fccksichtigung m\u00f6glich. &nbsp;<\/p>\n\n\n\n<div id=\"wp-block-themeisle-blocks-button-group-f6a9e3fe\" class=\"wp-block-themeisle-blocks-button-group wp-block-buttons\">\n<div id=\"wp-block-themeisle-blocks-button-a844f059\" class=\"wp-block-themeisle-blocks-button wp-block-button\"><a href=\"https:\/\/genter-steuerberatung.de\/index.php\/sonderleistungen\/\" target=\"_self\" rel=\"noopener noreferrer\" class=\"wp-block-button__link\"><span>Sonderleistungen<\/span><\/a><\/div>\n<\/div>\n<\/div>\n\n\n\n<div id=\"wp-block-themeisle-blocks-advanced-column-37f54530\" class=\"wp-block-themeisle-blocks-advanced-column\"><\/div>\n<\/div><\/div>\n\n\n\n<div style=\"height:100px\" aria-hidden=\"true\" class=\"wp-block-spacer\"><\/div>\n\n\n\n<div id=\"wp-block-themeisle-blocks-advanced-columns-47225228\" class=\"wp-block-themeisle-blocks-advanced-columns alignfull has-1-columns has-desktop-equal-layout has-tablet-equal-layout has-mobile-equal-layout has-vertical-unset\"><div class=\"wp-block-themeisle-blocks-advanced-columns-overlay\"><\/div><div class=\"innerblocks-wrap\">\n<div id=\"wp-block-themeisle-blocks-advanced-column-b6745044\" class=\"wp-block-themeisle-blocks-advanced-column has-light-bg\">\n<p id=\"wp-block-themeisle-blocks-advanced-heading-407fe3d8\" class=\"wp-block-themeisle-blocks-advanced-heading wp-block-themeisle-blocks-advanced-heading-407fe3d8\"><strong>Dipl. Kfm. (FH)&nbsp;<strong>Mario Genter \u2013 Steuerberater<\/strong><\/strong><\/p>\n\n\n\n<h2 class=\"wp-block-heading has-text-align-center\">Individuelle Beratung &#8211; Erstgespr\u00e4ch vereinbaren.<\/h2>\n\n\n\n<div style=\"height:20px\" aria-hidden=\"true\" class=\"wp-block-spacer\"><\/div>\n\n\n\n<div id=\"wp-block-themeisle-blocks-button-group-266da9fb\" class=\"wp-block-themeisle-blocks-button-group wp-block-buttons align-center\">\n<div id=\"wp-block-themeisle-blocks-button-80a51641\" class=\"wp-block-themeisle-blocks-button wp-block-button\"><a href=\"https:\/\/genter-steuerberatung.de\/index.php\/kontakt\/\" target=\"_self\" rel=\"noopener noreferrer\" class=\"wp-block-button__link\"><span>Kontakt<\/span><\/a><\/div>\n<\/div>\n<\/div>\n<\/div><\/div>\n","protected":false},"excerpt":{"rendered":"<p>Pflege-WG: Kosten mindern Einkommensteuer M\u00fcnchen\/ Bundesfinanzhof, 10. August 2023 Wer wegen krankheits- oder behinderungsbedingten Gr\u00fcnden in einer Pflege-WG wohnt, darf die Kosten f\u00fcr die Unterbringung als au\u00dfergew\u00f6hnliche Belastungen geltend machen. Bisher lehnte die Finanzverwaltung eine steuerliche Verg\u00fcnstigung ab. Sowohl die Richter des Finanzgerichts K\u00f6ln, als auch die Richter des Bundesfinanzhofs folgten unserer Sichtweise und Argumentation,&hellip;&nbsp;<a href=\"https:\/\/genter-steuerberatung.de\/index.php\/sonderleistungen\/847-2\/\" class=\"\" rel=\"bookmark\">Weiterlesen &raquo;<span class=\"screen-reader-text\">Pflege WG<\/span><\/a><\/p>\n","protected":false},"author":3,"featured_media":0,"parent":716,"menu_order":0,"comment_status":"closed","ping_status":"closed","template":"","meta":{"neve_meta_sidebar":"","neve_meta_container":"","neve_meta_enable_content_width":"","neve_meta_content_width":0,"neve_meta_title_alignment":"left","neve_meta_author_avatar":"","neve_post_elements_order":"","neve_meta_disable_header":"","neve_meta_disable_footer":"","neve_meta_disable_title":"on","_themeisle_gutenberg_block_has_review":false,"_ti_tpc_template_sync":false,"_ti_tpc_template_id":"","footnotes":""},"class_list":["post-847","page","type-page","status-publish","hentry"],"_links":{"self":[{"href":"https:\/\/genter-steuerberatung.de\/index.php\/wp-json\/wp\/v2\/pages\/847","targetHints":{"allow":["GET"]}}],"collection":[{"href":"https:\/\/genter-steuerberatung.de\/index.php\/wp-json\/wp\/v2\/pages"}],"about":[{"href":"https:\/\/genter-steuerberatung.de\/index.php\/wp-json\/wp\/v2\/types\/page"}],"author":[{"embeddable":true,"href":"https:\/\/genter-steuerberatung.de\/index.php\/wp-json\/wp\/v2\/users\/3"}],"replies":[{"embeddable":true,"href":"https:\/\/genter-steuerberatung.de\/index.php\/wp-json\/wp\/v2\/comments?post=847"}],"version-history":[{"count":24,"href":"https:\/\/genter-steuerberatung.de\/index.php\/wp-json\/wp\/v2\/pages\/847\/revisions"}],"predecessor-version":[{"id":1479,"href":"https:\/\/genter-steuerberatung.de\/index.php\/wp-json\/wp\/v2\/pages\/847\/revisions\/1479"}],"up":[{"embeddable":true,"href":"https:\/\/genter-steuerberatung.de\/index.php\/wp-json\/wp\/v2\/pages\/716"}],"wp:attachment":[{"href":"https:\/\/genter-steuerberatung.de\/index.php\/wp-json\/wp\/v2\/media?parent=847"}],"curies":[{"name":"wp","href":"https:\/\/api.w.org\/{rel}","templated":true}]}}