{"id":735,"date":"2023-10-17T14:44:34","date_gmt":"2023-10-17T12:44:34","guid":{"rendered":"http:\/\/genter-steuerberatung.de\/?page_id=735"},"modified":"2023-12-07T16:44:29","modified_gmt":"2023-12-07T15:44:29","slug":"impressum","status":"publish","type":"page","link":"https:\/\/genter-steuerberatung.de\/index.php\/impressum\/","title":{"rendered":"Impressum"},"content":{"rendered":"\n<div id=\"wp-block-themeisle-blocks-advanced-columns-1d44478c\" class=\"wp-block-themeisle-blocks-advanced-columns alignfull has-1-columns has-desktop-equal-layout has-tablet-equal-layout has-mobile-equal-layout has-vertical-unset\"><div class=\"wp-block-themeisle-blocks-advanced-columns-overlay\"><\/div><div class=\"innerblocks-wrap\">\n<div id=\"wp-block-themeisle-blocks-advanced-column-24b42ae0\" class=\"wp-block-themeisle-blocks-advanced-column has-dark-bg\">\n<p id=\"wp-block-themeisle-blocks-advanced-heading-1aca3177\" class=\"wp-block-themeisle-blocks-advanced-heading wp-block-themeisle-blocks-advanced-heading-1aca3177\"> Dipl. Kfm. (FH) <strong>Mario Genter &#8211; Steuerberater<\/strong><\/p>\n\n\n\n<h1 class=\"wp-block-heading has-text-align-center has-nv-text-dark-bg-color has-text-color\">Impressum<\/h1>\n<\/div>\n<\/div><\/div>\n\n\n\n<div style=\"height:100px\" aria-hidden=\"true\" class=\"wp-block-spacer\"><\/div>\n\n\n\n<div class=\"wp-block-group alignwide\"><div class=\"wp-block-group__inner-container is-layout-constrained wp-block-group-is-layout-constrained\">\n<h4 class=\"wp-block-heading\">Angaben \u00a7 5 TMG \/ Verantwortung \u00a7 55 Abs. 2 RStV:<br>Dipl. Kfm. (FH) Mario Genter, Steuerberater<\/h4>\n\n\n\n<p><strong>Adresse:<\/strong> Bahnhofstra\u00dfe 25, 52152 Simmerath<br><strong>Telefon:<\/strong> 0 24 73 &#8211; 93 86 39 2<br><strong>Telefax:<\/strong> 0 24 73 &#8211; 93 86 39 4<br><strong>e-Mail:<\/strong> post@genter-steuerberatung.de<\/p>\n\n\n\n<p><strong>Berufsbezeichnung:<\/strong> Steuerberater. <br>Die gesetzliche Berufsbezeichnung Steuerberater wurde in der Bundesrepublik Deutschland verliehen. <\/p>\n\n\n\n<p><strong>Berufsrechtliche Regelungen:<\/strong> Steuerberatungsgesetz, Durchf\u00fchrungsverordnung der Steuerberater, <br>Steuerberatergeb\u00fchrenverordnung, Berufsordnung der Steuerberaterkammer <br>Aufsichtsbeh\u00f6rde: Steuerberaterkammer K\u00f6ln, Gereonstr. 34-36, 50670 K\u00f6ln <\/p>\n\n\n\n<p>Informationen zu diesen Regelungen finden Sie auf den Internetseiten der Bundessteuerberaterkammer unter der Rubrik &#8222;Download&#8220; (www.bstbk.de).<\/p>\n\n\n\n<p><strong>Berufshaftpflichtversicherung:<\/strong><br>HDI Gerling, Firmen und Privat Versicherung AG, Riethorst 2, 30659 Hannover<\/p>\n\n\n\n<p>Der r\u00e4umliche Geltungsbereich des Versicherungsschutzes umfasst Dienstleistungen zumindest in den Mitgliedsstaaten der Europ\u00e4ischen Union und gen\u00fcgt den Anforderungen der \u00a7 67 Steuerberatungsgesetz (StBerG), \u00a7\u00a7 51 ff. Verordnung zur Durchf\u00fchrung der Vorschriften \u00fcber Steuerberater, Steuerbevollm\u00e4chtigte und Steuerberatungsgesellschaften (DvStB).<\/p>\n\n\n\n<p><strong>Haftungshinweis<\/strong>: Trotz sorgf\u00e4ltiger inhaltlicher Kontrolle \u00fcbernehme ich keine Haftung f\u00fcr die Inhalte externer Links. F\u00fcr den Inhalt der verlinkten Seiten sind ausschlie\u00dflich deren Betreiber verantwortlich.<\/p>\n\n\n\n<p><strong>Rechtsform:<\/strong> Einzelsteuerberater<\/p>\n\n\n\n<p><strong>Allgemeine Auftragsbedingungen:<\/strong><br><a href=\"http:\/\/www.genter-steuerberatung.de\/media\/doc\/Allgemeine%20Auftragsbedingungen.pdf\">Hier als PDF herunterladen<\/a><\/p>\n<\/div><\/div>\n\n\n\n<div class=\"wp-block-group alignwide\"><div class=\"wp-block-group__inner-container is-layout-constrained wp-block-group-is-layout-constrained\">\n<p><strong>Design Webseite:<\/strong><br>Klio Kontext KG, Helena Fey <\/p>\n\n\n\n<p><strong>Quellennachweise f\u00fcr Bilder<\/strong>:<br>Aufnahmen von Mario Genter <br>Foto von Neve PlugIn (Bild zu <a href=\"https:\/\/genter-steuerberatung.de\/index.php\/sonderleistungen\/\">Pflege-WG<\/a>) <br>Foto von <a href=\"https:\/\/unsplash.com\/de\/@northfolk?utm_content=creditCopyText&amp;utm_medium=referral&amp;utm_source=unsplash\">NORTHFOLK<\/a> auf <a href=\"https:\/\/unsplash.com\/de\/fotos\/%ED%9D%B0%EC%83%89-%ED%94%84%EB%A6%B0%ED%84%B0-%EC%9A%A9%EC%A7%80-Ok76F6yW2iA?utm_content=creditCopyText&amp;utm_medium=referral&amp;utm_source=unsplash\">Unsplash<\/a> (Bild zu <a href=\"https:\/\/genter-steuerberatung.de\/index.php\/sonderleistungen\/\">Erben &amp; Schenken<\/a>)<br>Foto von <a href=\"https:\/\/unsplash.com\/de\/@tfrants?utm_content=creditCopyText&amp;utm_medium=referral&amp;utm_source=unsplash\">Tyler Franta<\/a> auf <a href=\"https:\/\/unsplash.com\/de\/fotos\/%ED%9D%B0%EC%83%89-%EB%82%98%EB%AC%B4-%ED%85%8C%EC%9D%B4%EB%B8%94%EC%97%90-%EB%85%B8%ED%8A%B8%EB%B6%81%EC%9D%84-%EC%82%AC%EC%9A%A9%ED%95%98%EB%8A%94-%EC%82%AC%EB%9E%8C-iusJ25iYu1c?utm_content=creditCopyText&amp;utm_medium=referral&amp;utm_source=unsplash\">Unsplash<\/a> (Bild zu <a href=\"https:\/\/genter-steuerberatung.de\/index.php\/sonderleistungen\/\">Gewinn\u00fcbertragung gem\u00e4\u00df \u00a7 6b EStG<\/a>) <br><a href=\"https:\/\/de.freepik.com\/fotos-kostenlos\/hands-close-up-von-mitarbeitern-schriftlich_862856.htm\">Bild von pressfoto<\/a> auf Freepik (Bild zu <a href=\"https:\/\/genter-steuerberatung.de\/index.php\/sonderleistungen\/\">Schulungen<\/a>) <br>Foto von <a href=\"https:\/\/unsplash.com\/de\/@tingeyinjurylawfirm?utm_content=creditCopyText&amp;utm_medium=referral&amp;utm_source=unsplash\">Tingey Injury Law Firm<\/a> auf <a href=\"https:\/\/unsplash.com\/de\/fotos\/braunes-holzwerkzeug-auf-weisser-oberflache-veNb0DDegzE?utm_content=creditCopyText&amp;utm_medium=referral&amp;utm_source=unsplash\">Unsplash<\/a> (Bild zu <a href=\"https:\/\/genter-steuerberatung.de\/index.php\/2023\/10\/18\/grundsteuerreform\/\">Grundsteuerreform<\/a>) <br>Foto von <a href=\"https:\/\/unsplash.com\/de\/@thatsmrbio?utm_content=creditCopyText&amp;utm_medium=referral&amp;utm_source=unsplash\">Matthew Hamilton<\/a> auf <a href=\"https:\/\/unsplash.com\/de\/fotos\/orangefarbene-lichter-auf-weissen-und-roten-metallstaben-v_CxSroHKWg?utm_content=creditCopyText&amp;utm_medium=referral&amp;utm_source=unsplash\">Unsplash<\/a> (Bild zu <a href=\"https:\/\/genter-steuerberatung.de\/index.php\/2023\/10\/11\/strassenbaubeitrag-nrw-existenzbedrohende-gebuehrenfalle-wird-abgeschafft\/\">Stra\u00dfenbaubeitrag NRW: Existenzbedrohende Geb\u00fchrenfalle wird abgeschafft!<\/a>)<br>Foto von <a href=\"https:\/\/unsplash.com\/de\/@homajob?utm_content=creditCopyText&amp;utm_medium=referral&amp;utm_source=unsplash\">Scott Graham<\/a> auf <a href=\"https:\/\/unsplash.com\/de\/fotos\/person-mit-bleistift-in-der-nahe-von-laptop-5fNmWej4tAA?utm_content=creditCopyText&amp;utm_medium=referral&amp;utm_source=unsplash\">Unsplash<\/a> (Bild zu <a href=\"https:\/\/genter-steuerberatung.de\/index.php\/2023\/09\/15\/neuer-beitrag\/\">Abwassergeb\u00fchren NRW: Geb\u00fchrenermittlung auf dem Pr\u00fcfstand<\/a>) <\/p>\n\n\n\n<h4 class=\"wp-block-heading\">Haftung f\u00fcr Inhalte<\/h4>\n\n\n\n<p>Der Autor dieser Webseiten ist bestrebt, die hier angebotenen Informationen nach bestem Wissen und Gewissen richtig und vollst\u00e4ndig zu halten. Dennoch kann er keinerlei Haftung f\u00fcr Sch\u00e4den \u00fcbernehmen, die sich aus der Nutzung der angebotenen Informationen ergeben k\u00f6nnen \u2013 auch wenn diese auf die Nutzung von allenfalls unvollst\u00e4ndigen bzw. fehlerhaften Informationen zur\u00fcckzuf\u00fchren sind.<\/p>\n\n\n\n<p>Verweise auf fremde Webseiten liegen au\u00dferhalb des Verantwortungsbereiches des Autors. Eine Haftung f\u00fcr die Inhalte von verlinkten Seiten ist ausgeschlossen, zumal der Autor keinen Einfluss auf Inhalte wie Gestaltung von gelinkten Seiten hat. F\u00fcr Inhalte von Seiten, auf welche von Seiten dieser Webseiten verwiesen wird, haftet somit allein der Anbieter dieser fremden Webseiten \u2013 niemals jedoch derjenige, der durch einen Link auf fremde Publikationen und Inhalte verweist. Sollten gelinkte Seiten (insbesondere durch Ver\u00e4nderung der Inhalte nach dem Setzen des Links) illegale, fehlerhafte, unvollst\u00e4ndige, beleidigende oder sittenwidrige Informationen beinhalten und wird der Autor dieser Seite auf derartige Inhalte von gelinkten Seiten aufmerksam (gemacht), so wird er einen Link auf derartige Seiten unverz\u00fcglich unterbinden.<\/p>\n\n\n\n<p>Die Inhalte auf dieser Seiten sind urheberrechtlich gesch\u00fctzt. Die Informationen dieser Webseiten k\u00f6nnen ohne vorherige Ank\u00fcndigung ge\u00e4ndert, entfernt oder erg\u00e4nzt werden. Der Autor kann daher keine Garantie f\u00fcr die Korrektheit, Vollst\u00e4ndigkeit, Qualit\u00e4t oder Aktualit\u00e4t der bereitgestellten Informationen geben.Die Informationen sind nur f\u00fcr die pers\u00f6nliche Verwendung bestimmt. Jede den Bestimmungen des Urheberrechtsgesetzes widersprechende Verwendung jeglicher Inhalte dieser Webseiten \u2013 insbesondere die weitergehende Nutzung wie beispielsweise die Ver\u00f6ffentlichung, Vervielf\u00e4ltigung und jede Form von gewerblicher Nutzung sowie die Weitergabe an Dritte \u2013 auch in Teilen oder in \u00fcberarbeiteter Form \u2013 ohne ausdr\u00fcckliche Zustimmung des Autors ist untersagt.<\/p>\n\n\n\n<p>Soweit auf unseren Seiten personenbezogene Daten (beispielsweise Name, Anschrift oder E-Mail-Adressen) erhoben werden, erfolgt dies soweit m\u00f6glich stets auf freiwilliger Basis. Die Nutzung der Angebote und Dienste ist weitestgehend ohne Angabe personenbezogener Daten m\u00f6glich.<\/p>\n\n\n\n<p>Der Nutzung von im Rahmen der Impressumspflicht ver\u00f6ffentlichten Kontaktdaten durch Dritte zur \u00dcbersendung von nicht ausdr\u00fccklich angeforderter Werbung und Informationsmaterialien wird hiermit ausdr\u00fccklich widersprochen. Die Betreiber der Seiten behalten sich ausdr\u00fccklich rechtliche Schritte im Falle der unverlangten Zusendung von Werbeinformationen, etwa durch Spam-Mails, vor.<\/p>\n<\/div><\/div>\n\n\n\n<div style=\"height:100px\" aria-hidden=\"true\" class=\"wp-block-spacer\"><\/div>\n","protected":false},"excerpt":{"rendered":"<p>Angaben \u00a7 5 TMG \/ Verantwortung \u00a7 55 Abs. 2 RStV:Dipl. Kfm. (FH) Mario Genter, Steuerberater Adresse: Bahnhofstra\u00dfe 25, 52152 SimmerathTelefon: 0 24 73 &#8211; 93 86 39 2Telefax: 0 24 73 &#8211; 93 86 39 4e-Mail: post@genter-steuerberatung.de Berufsbezeichnung: Steuerberater. Die gesetzliche Berufsbezeichnung Steuerberater wurde in der Bundesrepublik Deutschland verliehen. Berufsrechtliche Regelungen: Steuerberatungsgesetz, Durchf\u00fchrungsverordnung der&hellip;&nbsp;<a href=\"https:\/\/genter-steuerberatung.de\/index.php\/impressum\/\" class=\"\" rel=\"bookmark\">Weiterlesen &raquo;<span class=\"screen-reader-text\">Impressum<\/span><\/a><\/p>\n","protected":false},"author":3,"featured_media":0,"parent":0,"menu_order":0,"comment_status":"closed","ping_status":"closed","template":"page-templates\/template-pagebuilder-full-width.php","meta":{"neve_meta_sidebar":"","neve_meta_container":"","neve_meta_enable_content_width":"","neve_meta_content_width":0,"neve_meta_title_alignment":"","neve_meta_author_avatar":"","neve_post_elements_order":"","neve_meta_disable_header":"","neve_meta_disable_footer":"","neve_meta_disable_title":"on","_themeisle_gutenberg_block_has_review":false,"_ti_tpc_template_sync":false,"_ti_tpc_template_id":"","footnotes":""},"class_list":["post-735","page","type-page","status-publish","hentry"],"_links":{"self":[{"href":"https:\/\/genter-steuerberatung.de\/index.php\/wp-json\/wp\/v2\/pages\/735","targetHints":{"allow":["GET"]}}],"collection":[{"href":"https:\/\/genter-steuerberatung.de\/index.php\/wp-json\/wp\/v2\/pages"}],"about":[{"href":"https:\/\/genter-steuerberatung.de\/index.php\/wp-json\/wp\/v2\/types\/page"}],"author":[{"embeddable":true,"href":"https:\/\/genter-steuerberatung.de\/index.php\/wp-json\/wp\/v2\/users\/3"}],"replies":[{"embeddable":true,"href":"https:\/\/genter-steuerberatung.de\/index.php\/wp-json\/wp\/v2\/comments?post=735"}],"version-history":[{"count":4,"href":"https:\/\/genter-steuerberatung.de\/index.php\/wp-json\/wp\/v2\/pages\/735\/revisions"}],"predecessor-version":[{"id":1472,"href":"https:\/\/genter-steuerberatung.de\/index.php\/wp-json\/wp\/v2\/pages\/735\/revisions\/1472"}],"wp:attachment":[{"href":"https:\/\/genter-steuerberatung.de\/index.php\/wp-json\/wp\/v2\/media?parent=735"}],"curies":[{"name":"wp","href":"https:\/\/api.w.org\/{rel}","templated":true}]}}