{"id":716,"date":"2023-10-17T12:00:36","date_gmt":"2023-10-17T10:00:36","guid":{"rendered":"http:\/\/genter-steuerberatung.de\/?page_id=716"},"modified":"2023-12-07T17:03:53","modified_gmt":"2023-12-07T16:03:53","slug":"sonderleistungen","status":"publish","type":"page","link":"https:\/\/genter-steuerberatung.de\/index.php\/sonderleistungen\/","title":{"rendered":"Sonderleistungen"},"content":{"rendered":"\n<div id=\"wp-block-themeisle-blocks-advanced-columns-1d44478c\" class=\"wp-block-themeisle-blocks-advanced-columns alignfull has-1-columns has-desktop-equal-layout has-tablet-equal-layout has-mobile-equal-layout has-vertical-unset\"><div class=\"wp-block-themeisle-blocks-advanced-columns-overlay\"><\/div><div class=\"innerblocks-wrap\">\n<div id=\"wp-block-themeisle-blocks-advanced-column-24b42ae0\" class=\"wp-block-themeisle-blocks-advanced-column has-dark-bg\">\n<p id=\"wp-block-themeisle-blocks-advanced-heading-1aca3177\" class=\"wp-block-themeisle-blocks-advanced-heading wp-block-themeisle-blocks-advanced-heading-1aca3177\"> Dipl. Kfm. (FH) <strong>Mario Genter &#8211; Steuerberater<\/strong><\/p>\n\n\n\n<h1 class=\"wp-block-heading has-text-align-center has-nv-text-dark-bg-color has-text-color\">Sonderleistungen<\/h1>\n<\/div>\n<\/div><\/div>\n\n\n\n<div id=\"wp-block-themeisle-blocks-advanced-columns-4799159d\" class=\"wp-block-themeisle-blocks-advanced-columns alignfull has-2-columns has-desktop-equal-layout has-tablet-equal-layout has-mobile-collapsedRows-layout has-vertical-center\"><div class=\"wp-block-themeisle-blocks-advanced-columns-overlay\"><\/div><div class=\"innerblocks-wrap\">\n<div id=\"wp-block-themeisle-blocks-advanced-column-d281c4c3\" class=\"wp-block-themeisle-blocks-advanced-column\">\n<figure class=\"wp-block-image size-full\"><img loading=\"lazy\" decoding=\"async\" width=\"600\" height=\"600\" src=\"https:\/\/genter-steuerberatung.de\/wp-content\/uploads\/2023\/11\/neve-lawyers-demo-18.jpg\" alt=\"\" class=\"wp-image-1381\" srcset=\"https:\/\/genter-steuerberatung.de\/wp-content\/uploads\/2023\/11\/neve-lawyers-demo-18.jpg 600w, https:\/\/genter-steuerberatung.de\/wp-content\/uploads\/2023\/11\/neve-lawyers-demo-18-300x300.jpg 300w, https:\/\/genter-steuerberatung.de\/wp-content\/uploads\/2023\/11\/neve-lawyers-demo-18-150x150.jpg 150w\" sizes=\"auto, (max-width: 600px) 100vw, 600px\" \/><\/figure>\n<\/div>\n\n\n\n<div id=\"wp-block-themeisle-blocks-advanced-column-bb3c1936\" class=\"wp-block-themeisle-blocks-advanced-column\">\n<h2 class=\"wp-block-heading\">Pflege-WG: <br>Kosten mindern Einkommensteuer <\/h2>\n\n\n\n<p>Wer aus gesundheitlichen Gr\u00fcnden in einer Pflege-WG wohnt, darf die Kosten als au\u00dfergew\u00f6hnliche Belastungen geltend machen. Bislang lehnte die Finanzverwaltung eine steuerliche Verg\u00fcnstigung ab.<\/p>\n\n\n\n<div id=\"wp-block-themeisle-blocks-button-group-8fd43d2a\" class=\"wp-block-themeisle-blocks-button-group wp-block-buttons\">\n<div id=\"wp-block-themeisle-blocks-button-dbb09ed6\" class=\"wp-block-themeisle-blocks-button wp-block-button animated fadeInUp\"><a href=\"https:\/\/genter-steuerberatung.de\/index.php\/sonderleistungen\/847-2\/\" target=\"_self\" rel=\"noopener noreferrer\" class=\"wp-block-button__link\"><span>Mehr<\/span><\/a><\/div>\n<\/div>\n<\/div>\n<\/div><\/div>\n\n\n\n<div id=\"wp-block-themeisle-blocks-advanced-columns-17e24102\" class=\"wp-block-themeisle-blocks-advanced-columns alignfull has-2-columns has-desktop-equal-layout has-tablet-equal-layout has-mobile-collapsedRows-layout has-reverse-columns-mobile has-vertical-center\"><div class=\"wp-block-themeisle-blocks-advanced-columns-overlay\"><\/div><div class=\"innerblocks-wrap\">\n<div id=\"wp-block-themeisle-blocks-advanced-column-1b172aef\" class=\"wp-block-themeisle-blocks-advanced-column\">\n<h2 class=\"wp-block-heading\">Erben &amp; Schenken<\/h2>\n\n\n\n<p>Erbfolge richtig steuern &amp; steuerliche Freibetr\u00e4ge nutzen!&nbsp;<\/p>\n\n\n\n<div id=\"wp-block-themeisle-blocks-button-group-17076045\" class=\"wp-block-themeisle-blocks-button-group wp-block-buttons\">\n<div id=\"wp-block-themeisle-blocks-button-4a2a7f91\" class=\"wp-block-themeisle-blocks-button wp-block-button animated fadeInUp\"><a href=\"https:\/\/genter-steuerberatung.de\/index.php\/sonderleistungen\/erben-schenken\/\" target=\"_self\" rel=\"noopener noreferrer\" class=\"wp-block-button__link\"><span>Mehr<\/span><\/a><\/div>\n<\/div>\n<\/div>\n\n\n\n<div id=\"wp-block-themeisle-blocks-advanced-column-f224ba08\" class=\"wp-block-themeisle-blocks-advanced-column\">\n<figure class=\"wp-block-image size-large\"><img loading=\"lazy\" decoding=\"async\" width=\"1024\" height=\"576\" src=\"https:\/\/genter-steuerberatung.de\/wp-content\/uploads\/2023\/11\/northfolk-Ok76F6yW2iA-unsplash-1024x576.jpg\" alt=\"\" class=\"wp-image-1405\" style=\"aspect-ratio:1;object-fit:cover\" srcset=\"https:\/\/genter-steuerberatung.de\/wp-content\/uploads\/2023\/11\/northfolk-Ok76F6yW2iA-unsplash-1024x576.jpg 1024w, https:\/\/genter-steuerberatung.de\/wp-content\/uploads\/2023\/11\/northfolk-Ok76F6yW2iA-unsplash-300x169.jpg 300w, https:\/\/genter-steuerberatung.de\/wp-content\/uploads\/2023\/11\/northfolk-Ok76F6yW2iA-unsplash-768x432.jpg 768w, https:\/\/genter-steuerberatung.de\/wp-content\/uploads\/2023\/11\/northfolk-Ok76F6yW2iA-unsplash-1536x864.jpg 1536w, https:\/\/genter-steuerberatung.de\/wp-content\/uploads\/2023\/11\/northfolk-Ok76F6yW2iA-unsplash-2048x1152.jpg 2048w\" sizes=\"auto, (max-width: 1024px) 100vw, 1024px\" \/><\/figure>\n<\/div>\n<\/div><\/div>\n\n\n\n<div id=\"wp-block-themeisle-blocks-advanced-columns-4813e4f9\" class=\"wp-block-themeisle-blocks-advanced-columns alignfull has-2-columns has-desktop-equal-layout has-tablet-equal-layout has-mobile-collapsedRows-layout has-vertical-center\"><div class=\"wp-block-themeisle-blocks-advanced-columns-overlay\"><\/div><div class=\"innerblocks-wrap\">\n<div id=\"wp-block-themeisle-blocks-advanced-column-d59a97f7\" class=\"wp-block-themeisle-blocks-advanced-column\">\n<figure class=\"wp-block-image size-large\"><img loading=\"lazy\" decoding=\"async\" width=\"1024\" height=\"684\" src=\"https:\/\/genter-steuerberatung.de\/wp-content\/uploads\/2023\/11\/tyler-franta-iusJ25iYu1c-unsplash-1024x684.jpg\" alt=\"\" class=\"wp-image-1406\" style=\"aspect-ratio:1;object-fit:cover\" srcset=\"https:\/\/genter-steuerberatung.de\/wp-content\/uploads\/2023\/11\/tyler-franta-iusJ25iYu1c-unsplash-1024x684.jpg 1024w, https:\/\/genter-steuerberatung.de\/wp-content\/uploads\/2023\/11\/tyler-franta-iusJ25iYu1c-unsplash-300x200.jpg 300w, https:\/\/genter-steuerberatung.de\/wp-content\/uploads\/2023\/11\/tyler-franta-iusJ25iYu1c-unsplash-768x513.jpg 768w, https:\/\/genter-steuerberatung.de\/wp-content\/uploads\/2023\/11\/tyler-franta-iusJ25iYu1c-unsplash-1536x1026.jpg 1536w, https:\/\/genter-steuerberatung.de\/wp-content\/uploads\/2023\/11\/tyler-franta-iusJ25iYu1c-unsplash-2048x1368.jpg 2048w, https:\/\/genter-steuerberatung.de\/wp-content\/uploads\/2023\/11\/tyler-franta-iusJ25iYu1c-unsplash-930x620.jpg 930w\" sizes=\"auto, (max-width: 1024px) 100vw, 1024px\" \/><\/figure>\n<\/div>\n\n\n\n<div id=\"wp-block-themeisle-blocks-advanced-column-cd2a21d9\" class=\"wp-block-themeisle-blocks-advanced-column\">\n<h2 class=\"wp-block-heading\">Gewinn\u00fcbertragung gem\u00e4\u00df \u00a7 6b EStG <\/h2>\n\n\n\n<p>Die Ver\u00e4u\u00dferung von Betriebsgrundst\u00fccken f\u00fchrt grunds\u00e4tzlich zu einem steuerpflichtigen Vorgang. In bestimmten F\u00e4llen kann, soweit die Voraussetzungen gem\u00e4\u00df \u00a7 6b EStG erf\u00fcllt sind, die sofortige Versteuerung vermieden werden.<\/p>\n\n\n\n<div id=\"wp-block-themeisle-blocks-button-group-e998bd65\" class=\"wp-block-themeisle-blocks-button-group wp-block-buttons\">\n<div id=\"wp-block-themeisle-blocks-button-3fc29413\" class=\"wp-block-themeisle-blocks-button wp-block-button animated fadeInUp\"><a href=\"https:\/\/genter-steuerberatung.de\/index.php\/sonderleistungen\/gewinnuebertragung\/\" target=\"_self\" rel=\"noopener noreferrer\" class=\"wp-block-button__link\"><span>Mehr<\/span><\/a><\/div>\n<\/div>\n<\/div>\n<\/div><\/div>\n\n\n\n<div id=\"wp-block-themeisle-blocks-advanced-columns-84c91f0a\" class=\"wp-block-themeisle-blocks-advanced-columns alignfull has-2-columns has-desktop-equal-layout has-tablet-equal-layout has-mobile-collapsedRows-layout has-reverse-columns-mobile has-vertical-center\"><div class=\"wp-block-themeisle-blocks-advanced-columns-overlay\"><\/div><div class=\"innerblocks-wrap\">\n<div id=\"wp-block-themeisle-blocks-advanced-column-fa2d36c3\" class=\"wp-block-themeisle-blocks-advanced-column\">\n<h2 class=\"wp-block-heading\">Schulungen<\/h2>\n\n\n\n<p>Lernen Sie welche rechtlichen Grundlagen beim Kassieren ber\u00fccksichtigt werden m\u00fcssen.  <\/p>\n\n\n\n<div id=\"wp-block-themeisle-blocks-button-group-9da9119a\" class=\"wp-block-themeisle-blocks-button-group wp-block-buttons\">\n<div id=\"wp-block-themeisle-blocks-button-a3cb4fbe\" class=\"wp-block-themeisle-blocks-button wp-block-button animated fadeInUp\"><a href=\"https:\/\/genter-steuerberatung.de\/index.php\/sonderleistungen\/schulungen\/\" target=\"_self\" rel=\"noopener noreferrer\" class=\"wp-block-button__link\"><span>Mehr<\/span><\/a><\/div>\n<\/div>\n<\/div>\n\n\n\n<div id=\"wp-block-themeisle-blocks-advanced-column-9cef7eee\" class=\"wp-block-themeisle-blocks-advanced-column\">\n<figure class=\"wp-block-image size-large\"><img loading=\"lazy\" decoding=\"async\" width=\"1024\" height=\"683\" src=\"https:\/\/genter-steuerberatung.de\/wp-content\/uploads\/2023\/11\/hands-close-up-von-mitarbeitern-schriftlich-1024x683.jpg\" alt=\"\" class=\"wp-image-1396\" style=\"aspect-ratio:1;object-fit:cover\" srcset=\"https:\/\/genter-steuerberatung.de\/wp-content\/uploads\/2023\/11\/hands-close-up-von-mitarbeitern-schriftlich-1024x683.jpg 1024w, https:\/\/genter-steuerberatung.de\/wp-content\/uploads\/2023\/11\/hands-close-up-von-mitarbeitern-schriftlich-300x200.jpg 300w, https:\/\/genter-steuerberatung.de\/wp-content\/uploads\/2023\/11\/hands-close-up-von-mitarbeitern-schriftlich-768x512.jpg 768w, https:\/\/genter-steuerberatung.de\/wp-content\/uploads\/2023\/11\/hands-close-up-von-mitarbeitern-schriftlich-1536x1024.jpg 1536w, https:\/\/genter-steuerberatung.de\/wp-content\/uploads\/2023\/11\/hands-close-up-von-mitarbeitern-schriftlich-2048x1365.jpg 2048w, https:\/\/genter-steuerberatung.de\/wp-content\/uploads\/2023\/11\/hands-close-up-von-mitarbeitern-schriftlich-930x620.jpg 930w\" sizes=\"auto, (max-width: 1024px) 100vw, 1024px\" \/><\/figure>\n<\/div>\n<\/div><\/div>\n\n\n\n<div class=\"wp-block-group alignfull\"><div class=\"wp-block-group__inner-container is-layout-constrained wp-block-group-is-layout-constrained\">\n<div id=\"wp-block-themeisle-blocks-advanced-columns-64d74188\" class=\"wp-block-themeisle-blocks-advanced-columns alignfull has-1-columns has-desktop-equal-layout has-tablet-equal-layout has-mobile-equal-layout has-vertical-unset has-light-bg\"><div class=\"wp-block-themeisle-blocks-advanced-columns-overlay\"><\/div><div class=\"innerblocks-wrap\">\n<div id=\"wp-block-themeisle-blocks-advanced-column-8372793b\" class=\"wp-block-themeisle-blocks-advanced-column\">\n<p id=\"wp-block-themeisle-blocks-advanced-heading-38a3fa6d\" class=\"wp-block-themeisle-blocks-advanced-heading wp-block-themeisle-blocks-advanced-heading-38a3fa6d\"><strong>Dipl. Kfm. (FH)&nbsp;Mario Genter \u2013 Steuerberater<\/strong><\/p>\n\n\n\n<h2 class=\"wp-block-heading has-text-align-center\">Dienstleistungen<\/h2>\n<\/div>\n<\/div><\/div>\n\n\n\n<div id=\"wp-block-themeisle-blocks-advanced-columns-b9bb1f7e\" class=\"wp-block-themeisle-blocks-advanced-columns alignfull has-2-columns has-desktop-equal-layout has-tablet-equal-layout has-mobile-collapsedRows-layout has-vertical-unset has-light-bg\"><div class=\"wp-block-themeisle-blocks-advanced-columns-overlay\"><\/div><div class=\"innerblocks-wrap\">\n<div id=\"wp-block-themeisle-blocks-advanced-column-525e77c7\" class=\"wp-block-themeisle-blocks-advanced-column has-light-bg\">\n<div class=\"wp-block-themeisle-blocks-service\">\n<div id=\"wp-block-themeisle-blocks-font-awesome-icons-7d76b89d\" class=\"wp-block-themeisle-blocks-font-awesome-icons\"><span class=\"wp-block-themeisle-blocks-font-awesome-icons-container\"><i class=\"fas fa-book\"><\/i><\/span><\/div>\n\n\n\n<h4 id=\"wp-block-themeisle-blocks-advanced-heading-80344a10\" class=\"wp-block-themeisle-blocks-advanced-heading wp-block-themeisle-blocks-advanced-heading-80344a10\">Steuererkl\u00e4rungen<\/h4>\n\n\n\n<p class=\"has-text-align-center\">In einem dynamisch wachsenden Steuersystem, gilt es, den \u00dcberblick zu bewahren.<br><br>Wenn es um die Erstellung von privaten und unternehmerischen Steuererkl\u00e4rungen geht.<br><strong>Wir begleiten Sie<\/strong><\/p>\n<\/div>\n<\/div>\n\n\n\n<div id=\"wp-block-themeisle-blocks-advanced-column-860d66ca\" class=\"wp-block-themeisle-blocks-advanced-column has-light-bg\">\n<div class=\"wp-block-themeisle-blocks-service\">\n<div id=\"wp-block-themeisle-blocks-font-awesome-icons-a6dbffee\" class=\"wp-block-themeisle-blocks-font-awesome-icons\"><span class=\"wp-block-themeisle-blocks-font-awesome-icons-container\"><i class=\"fas fa-money-bill-alt\"><\/i><\/span><\/div>\n\n\n\n<h4 id=\"wp-block-themeisle-blocks-advanced-heading-b8f6d400\" class=\"wp-block-themeisle-blocks-advanced-heading wp-block-themeisle-blocks-advanced-heading-b8f6d400\"><strong>Finanz- und Lohnbuchhaltung<\/strong><\/h4>\n\n\n\n<p class=\"has-text-align-center\">Die Digitalisierung schreitet voran und die Zeiten der papiergebunden Belege sind endlich.<br> <br>Es gilt, die staatlichen Anforderung und Vorgaben zu erf\u00fcllen. <br><strong>Wir digitalisieren f\u00fcr Sie<\/strong><\/p>\n<\/div>\n<\/div>\n<\/div><\/div>\n\n\n\n<div id=\"wp-block-themeisle-blocks-advanced-columns-d28166bd\" class=\"wp-block-themeisle-blocks-advanced-columns alignfull has-2-columns has-desktop-equal-layout has-tablet-equal-layout has-mobile-collapsedRows-layout has-vertical-unset has-light-bg\"><div class=\"wp-block-themeisle-blocks-advanced-columns-overlay\"><\/div><div class=\"innerblocks-wrap\">\n<div id=\"wp-block-themeisle-blocks-advanced-column-edcfcd36\" class=\"wp-block-themeisle-blocks-advanced-column has-light-bg\">\n<div class=\"wp-block-themeisle-blocks-service\">\n<div id=\"wp-block-themeisle-blocks-font-awesome-icons-9b9dddd5\" class=\"wp-block-themeisle-blocks-font-awesome-icons\"><span class=\"wp-block-themeisle-blocks-font-awesome-icons-container\"><i class=\"far fa-calendar-alt\"><\/i><\/span><\/div>\n\n\n\n<h4 id=\"wp-block-themeisle-blocks-advanced-heading-9cdc6411\" class=\"wp-block-themeisle-blocks-advanced-heading wp-block-themeisle-blocks-advanced-heading-9cdc6411\">Jahresabschluss<\/h4>\n\n\n\n<p class=\"has-text-align-center\">Der Jahresabschluss ist die Grundlage f\u00fcr die Besteuerung.<\/p>\n\n\n\n<p class=\"has-text-align-center\">Oft geben es Wahlrechte, die den Gewinn und die H\u00f6he der Steuer beeinflussen. <br><strong>Wir beraten Sie<\/strong><\/p>\n<\/div>\n<\/div>\n\n\n\n<div id=\"wp-block-themeisle-blocks-advanced-column-32ad0af6\" class=\"wp-block-themeisle-blocks-advanced-column has-light-bg\">\n<div class=\"wp-block-themeisle-blocks-service\">\n<div id=\"wp-block-themeisle-blocks-font-awesome-icons-519fb35f\" class=\"wp-block-themeisle-blocks-font-awesome-icons\"><span class=\"wp-block-themeisle-blocks-font-awesome-icons-container\"><i class=\"fas fa-balance-scale\"><\/i><\/span><\/div>\n\n\n\n<h4 id=\"wp-block-themeisle-blocks-advanced-heading-0ce41774\" class=\"wp-block-themeisle-blocks-advanced-heading wp-block-themeisle-blocks-advanced-heading-0ce41774\"><strong>Einspruch\/ Klage<\/strong><\/h4>\n\n\n\n<p class=\"has-text-align-center\">Auch das komplexeste Steuerrechtssystem kann nicht jeden Einzelfall abdecken.<\/p>\n\n\n\n<p class=\"has-text-align-center\">Besteht mit der Finanzverwaltung keine Einigkeit \u00fcber die Auslegung einer Vorschrift, verbleibt nur eine gerichtliche Kl\u00e4rung. <br><strong>Wir vertreten Sie<\/strong><\/p>\n<\/div>\n<\/div>\n<\/div><\/div>\n<\/div><\/div>\n\n\n\n<div id=\"wp-block-themeisle-blocks-advanced-columns-47225228\" class=\"wp-block-themeisle-blocks-advanced-columns alignfull has-1-columns has-desktop-equal-layout has-tablet-equal-layout has-mobile-equal-layout has-vertical-unset\"><div class=\"wp-block-themeisle-blocks-advanced-columns-overlay\"><\/div><div class=\"innerblocks-wrap\">\n<div id=\"wp-block-themeisle-blocks-advanced-column-b6745044\" class=\"wp-block-themeisle-blocks-advanced-column has-light-bg\">\n<p id=\"wp-block-themeisle-blocks-advanced-heading-407fe3d8\" class=\"wp-block-themeisle-blocks-advanced-heading wp-block-themeisle-blocks-advanced-heading-407fe3d8\"><strong>Dipl. Kfm. (FH)&nbsp;Mario Genter \u2013 Steuerberater<\/strong><\/p>\n\n\n\n<h2 class=\"wp-block-heading has-text-align-center\">Individuelle Beratung &#8211; Erstgespr\u00e4ch vereinbaren.<\/h2>\n\n\n\n<div style=\"height:20px\" aria-hidden=\"true\" class=\"wp-block-spacer\"><\/div>\n\n\n\n<div id=\"wp-block-themeisle-blocks-button-group-266da9fb\" class=\"wp-block-themeisle-blocks-button-group wp-block-buttons align-center\">\n<div id=\"wp-block-themeisle-blocks-button-80a51641\" class=\"wp-block-themeisle-blocks-button wp-block-button\"><a href=\"https:\/\/genter-steuerberatung.de\/index.php\/kontakt\/\" target=\"_self\" rel=\"noopener noreferrer\" class=\"wp-block-button__link\"><span>Kontakt<\/span><\/a><\/div>\n<\/div>\n<\/div>\n<\/div><\/div>\n","protected":false},"excerpt":{"rendered":"","protected":false},"author":3,"featured_media":0,"parent":0,"menu_order":0,"comment_status":"closed","ping_status":"closed","template":"page-templates\/template-pagebuilder-full-width.php","meta":{"neve_meta_sidebar":"","neve_meta_container":"","neve_meta_enable_content_width":"","neve_meta_content_width":0,"neve_meta_title_alignment":"","neve_meta_author_avatar":"","neve_post_elements_order":"","neve_meta_disable_header":"","neve_meta_disable_footer":"","neve_meta_disable_title":"","_themeisle_gutenberg_block_has_review":false,"_ti_tpc_template_sync":false,"_ti_tpc_template_id":"","footnotes":""},"class_list":["post-716","page","type-page","status-publish","hentry"],"_links":{"self":[{"href":"https:\/\/genter-steuerberatung.de\/index.php\/wp-json\/wp\/v2\/pages\/716","targetHints":{"allow":["GET"]}}],"collection":[{"href":"https:\/\/genter-steuerberatung.de\/index.php\/wp-json\/wp\/v2\/pages"}],"about":[{"href":"https:\/\/genter-steuerberatung.de\/index.php\/wp-json\/wp\/v2\/types\/page"}],"author":[{"embeddable":true,"href":"https:\/\/genter-steuerberatung.de\/index.php\/wp-json\/wp\/v2\/users\/3"}],"replies":[{"embeddable":true,"href":"https:\/\/genter-steuerberatung.de\/index.php\/wp-json\/wp\/v2\/comments?post=716"}],"version-history":[{"count":2,"href":"https:\/\/genter-steuerberatung.de\/index.php\/wp-json\/wp\/v2\/pages\/716\/revisions"}],"predecessor-version":[{"id":1501,"href":"https:\/\/genter-steuerberatung.de\/index.php\/wp-json\/wp\/v2\/pages\/716\/revisions\/1501"}],"wp:attachment":[{"href":"https:\/\/genter-steuerberatung.de\/index.php\/wp-json\/wp\/v2\/media?parent=716"}],"curies":[{"name":"wp","href":"https:\/\/api.w.org\/{rel}","templated":true}]}}